{"id":187,"date":"2011-08-09T09:22:27","date_gmt":"2011-08-09T09:22:27","guid":{"rendered":"http:\/\/www.bellevuechen.de\/\/?page_id=187"},"modified":"2012-03-25T11:50:40","modified_gmt":"2012-03-25T11:50:40","slug":"anfahrt","status":"publish","type":"page","link":"https:\/\/www.bellevuechen.de\/?page_id=187","title":{"rendered":"Anfahrt"},"content":{"rendered":"<div class=\"one_third \">\n<h1>Anfahrt<\/h1>\n<p><iframe loading=\"lazy\" src=\"http:\/\/maps.google.com\/maps?f=q&amp;source=s_q&amp;hl=en&amp;geocode=&amp;q=Bonner+Stra%C3%9Fe+68+%2FB9,+53424+Remagen&amp;aq=&amp;ie=UTF8&amp;hq=&amp;hnear=Bonner+Stra%C3%9Fe+68,+Oberwinter+53424+Remagen,+Rheinland-Pfalz,+Germany&amp;t=m&amp;z=14&amp;vpsrc=0&amp;iwloc=A&amp;ll=50.630753,7.208778&amp;output=embed\" frameborder=\"0\" marginwidth=\"0\" marginheight=\"0\" scrolling=\"no\" width=\"294\" height=\"294\"><\/iframe><br \/>\n<small><a style=\"color: #0000ff; text-align: left;\" href=\"http:\/\/maps.google.com\/maps?f=q&amp;source=embed&amp;hl=en&amp;geocode=&amp;q=Bonner+Stra%C3%9Fe+68+%2FB9,+53424+Remagen&amp;aq=&amp;ie=UTF8&amp;hq=&amp;hnear=Bonner+Stra%C3%9Fe+68,+Oberwinter+53424+Remagen,+Rheinland-Pfalz,+Germany&amp;t=m&amp;z=14&amp;vpsrc=0&amp;iwloc=A&amp;ll=50.630753,7.208778\">Gr\u00f6\u00dfere Karte anzeigen<\/a><\/small><\/p>\n<dl class=\"address\">\n<dt><strong>Restaurant Bellevuechen<\/strong><br \/>\nBonner Stra\u00dfe 68<br \/>\n53424 Remagen<\/dt>\n<dd><\/dd>\n<dt>\u00a0<\/dt>\n<\/dl>\n<\/div>\n<div class=\"two_third last\">\n<h1>Lage<\/h1>\n<p>Das Bellevuechen liegt in Remagen-Rolandseck, direkt am Rhein neben der F\u00e4hranlegestelle nach Bad Honnef. Auf der gegen\u00fcberliegenden Stra\u00dfenseite befinden sich der bekannte K\u00fcnstlerbahnhof Rolandseck und das von Richard Meier entworfene neue Arp-Museum.<br \/>\nKleine G\u00e4ste w\u00fcrden sich vielleicht \u00fcber einen Abstecher in den Wildpark Rolandseck freuen, der nur wenige 100 m entfernt ist.<\/p>\n<p>Schiffsanlegestelle und die Station \u201eRolandseck\u201c der Deutschen Bahn sind jeweils nur 3 Minuten Fu\u00dfweg enfernt.<\/p>\n<\/div><div class=\"clear\"><\/div>\n","protected":false},"excerpt":{"rendered":"","protected":false},"author":4,"featured_media":0,"parent":0,"menu_order":0,"comment_status":"open","ping_status":"open","template":"page-fullwidth.php","meta":{"footnotes":""},"class_list":["post-187","page","type-page","status-publish","hentry"],"_links":{"self":[{"href":"https:\/\/www.bellevuechen.de\/index.php?rest_route=\/wp\/v2\/pages\/187","targetHints":{"allow":["GET"]}}],"collection":[{"href":"https:\/\/www.bellevuechen.de\/index.php?rest_route=\/wp\/v2\/pages"}],"about":[{"href":"https:\/\/www.bellevuechen.de\/index.php?rest_route=\/wp\/v2\/types\/page"}],"author":[{"embeddable":true,"href":"https:\/\/www.bellevuechen.de\/index.php?rest_route=\/wp\/v2\/users\/4"}],"replies":[{"embeddable":true,"href":"https:\/\/www.bellevuechen.de\/index.php?rest_route=%2Fwp%2Fv2%2Fcomments&post=187"}],"version-history":[{"count":17,"href":"https:\/\/www.bellevuechen.de\/index.php?rest_route=\/wp\/v2\/pages\/187\/revisions"}],"predecessor-version":[{"id":483,"href":"https:\/\/www.bellevuechen.de\/index.php?rest_route=\/wp\/v2\/pages\/187\/revisions\/483"}],"wp:attachment":[{"href":"https:\/\/www.bellevuechen.de\/index.php?rest_route=%2Fwp%2Fv2%2Fmedia&parent=187"}],"curies":[{"name":"wp","href":"https:\/\/api.w.org\/{rel}","templated":true}]}}